{"id":17173,"date":"2024-09-09T12:21:59","date_gmt":"2024-09-09T12:21:59","guid":{"rendered":"https:\/\/www.pinterra.si\/?post_type=product&#038;p=17173"},"modified":"2026-01-27T08:09:41","modified_gmt":"2026-01-27T08:09:41","slug":"krema-proti-gubam-z-dodatkom-polzje-sluzi-in-sipkom-100-ml","status":"publish","type":"product","link":"https:\/\/www.pinterra.si\/index.php\/product\/krema-proti-gubam-z-dodatkom-polzje-sluzi-in-sipkom-100-ml\/","title":{"rendered":"Krema proti gubam z dodatkom pol\u017eje sluzi in \u0161ipkom 100 ml"},"content":{"rendered":"<p>Sestavine : Krema vsebuje aloe vero pol\u017ejo sluz in \u0161ipek.Ve\u010dja mehkoba povrhnjice, zahvaljujo\u010d sposobnosti pilinga. Regeneracija ko\u017ee, ki je bila po\u0161kodovana, ope\u010dena ali izpostavljena UV sevanju. Deluje tudi na najbolj suhi ko\u017ei zaradi visoke vsebnosti esencialnih in ma\u0161\u010dobnih kislin.Navodila za uporabo:Priporo\u010dljiva je redna uporaba. Zjutraj in zve\u010der nanesite kremo na \u010dist obraz in dekolte, ter ne\u017eno vtrite, da se popolnoma absorbira.Izogibajte se stiku z o\u010dmi.V primeru stika z o\u010dmi takoj sperite z vodo.Hranite izven dosega otrok.<\/p>\n","protected":false},"excerpt":{"rendered":"<p>Krema se uporablja proti gubam namenjena je za vse tipe ko\u017ee. Ko\u017eo ohranja gladko in sve\u017eo ter upo\u010dasnjuje njeno staranje.<br \/>\nU\u010dinki so dermatolo\u0161ko dokazani, vklju\u010dno z za\u0161\u010dito pred soncem z za\u0161\u010ditnim faktorjem SPF 15.<\/p>\n","protected":false},"featured_media":17772,"template":"","meta":{"_eb_attr":""},"product_cat":[172],"product_tag":[149,181],"class_list":{"0":"post-17173","1":"product","2":"type-product","3":"status-publish","4":"has-post-thumbnail","6":"product_brand-tabaibaloe","7":"product_cat-izdelki-za-telo-in-obraz","8":"product_tag-nega-koze","9":"product_tag-nega-obraza","10":"product_shipping_class-lahki-paket","12":"first","13":"instock","14":"purchasable","15":"product-type-simple"},"yoast_head":"<!-- This site is optimized with the Yoast SEO plugin v27.6 - https:\/\/yoast.com\/product\/yoast-seo-wordpress\/ -->\n<title>Krema proti gubam z dodatkom pol\u017eje sluzi in \u0161ipkom 100 ml - Pinterra<\/title>\n<meta name=\"description\" content=\"Krema se uporablja proti gubam namenjena je za vse tipe ko\u017ee. Ko\u017eo ohranja gladko in sve\u017eo ter upo\u010dasnjuje njeno staranje.\" \/>\n<meta name=\"robots\" content=\"index, follow, max-snippet:-1, max-image-preview:large, max-video-preview:-1\" \/>\n<link rel=\"canonical\" href=\"https:\/\/www.pinterra.si\/index.php\/product\/krema-proti-gubam-z-dodatkom-polzje-sluzi-in-sipkom-100-ml\/\" \/>\n<meta property=\"og:locale\" content=\"sl_SI\" \/>\n<meta property=\"og:type\" content=\"article\" \/>\n<meta property=\"og:title\" content=\"Krema proti gubam z dodatkom pol\u017eje sluzi in \u0161ipkom 100 ml - Pinterra\" \/>\n<meta property=\"og:description\" content=\"Krema se uporablja proti gubam namenjena je za vse tipe ko\u017ee. Ko\u017eo ohranja gladko in sve\u017eo ter upo\u010dasnjuje njeno staranje.\" \/>\n<meta property=\"og:url\" content=\"https:\/\/www.pinterra.si\/index.php\/product\/krema-proti-gubam-z-dodatkom-polzje-sluzi-in-sipkom-100-ml\/\" \/>\n<meta property=\"og:site_name\" content=\"Pinterra\" \/>\n<meta property=\"article:publisher\" content=\"https:\/\/www.facebook.com\/profile.php?id=61564860171743&amp;locale=sl_SI\" \/>\n<meta property=\"article:modified_time\" content=\"2026-01-27T08:09:41+00:00\" \/>\n<meta property=\"og:image\" content=\"https:\/\/www.pinterra.si\/wp-content\/uploads\/2024\/09\/57-thickbox_default.jpg\" \/>\n\t<meta property=\"og:image:width\" content=\"1100\" \/>\n\t<meta property=\"og:image:height\" content=\"1422\" \/>\n\t<meta property=\"og:image:type\" content=\"image\/jpeg\" \/>\n<meta name=\"twitter:card\" content=\"summary_large_image\" \/>\n<meta name=\"twitter:label1\" content=\"Est. reading time\" \/>\n\t<meta name=\"twitter:data1\" content=\"1 minuta\" \/>\n<script type=\"application\/ld+json\" class=\"yoast-schema-graph\">{\"@context\":\"https:\\\/\\\/schema.org\",\"@graph\":[{\"@type\":\"WebPage\",\"@id\":\"https:\\\/\\\/www.pinterra.si\\\/index.php\\\/product\\\/krema-proti-gubam-z-dodatkom-polzje-sluzi-in-sipkom-100-ml\\\/\",\"url\":\"https:\\\/\\\/www.pinterra.si\\\/index.php\\\/product\\\/krema-proti-gubam-z-dodatkom-polzje-sluzi-in-sipkom-100-ml\\\/\",\"name\":\"Krema proti gubam z dodatkom pol\u017eje sluzi in \u0161ipkom 100 ml - Pinterra\",\"isPartOf\":{\"@id\":\"https:\\\/\\\/www.pinterra.si\\\/#website\"},\"primaryImageOfPage\":{\"@id\":\"https:\\\/\\\/www.pinterra.si\\\/index.php\\\/product\\\/krema-proti-gubam-z-dodatkom-polzje-sluzi-in-sipkom-100-ml\\\/#primaryimage\"},\"image\":{\"@id\":\"https:\\\/\\\/www.pinterra.si\\\/index.php\\\/product\\\/krema-proti-gubam-z-dodatkom-polzje-sluzi-in-sipkom-100-ml\\\/#primaryimage\"},\"thumbnailUrl\":\"https:\\\/\\\/www.pinterra.si\\\/wp-content\\\/uploads\\\/2024\\\/09\\\/57-thickbox_default.jpg\",\"datePublished\":\"2024-09-09T12:21:59+00:00\",\"dateModified\":\"2026-01-27T08:09:41+00:00\",\"description\":\"Krema se uporablja proti gubam namenjena je za vse tipe ko\u017ee. Ko\u017eo ohranja gladko in sve\u017eo ter upo\u010dasnjuje njeno staranje.\",\"breadcrumb\":{\"@id\":\"https:\\\/\\\/www.pinterra.si\\\/index.php\\\/product\\\/krema-proti-gubam-z-dodatkom-polzje-sluzi-in-sipkom-100-ml\\\/#breadcrumb\"},\"inLanguage\":\"sl-SI\",\"potentialAction\":[{\"@type\":\"ReadAction\",\"target\":[\"https:\\\/\\\/www.pinterra.si\\\/index.php\\\/product\\\/krema-proti-gubam-z-dodatkom-polzje-sluzi-in-sipkom-100-ml\\\/\"]}]},{\"@type\":\"ImageObject\",\"inLanguage\":\"sl-SI\",\"@id\":\"https:\\\/\\\/www.pinterra.si\\\/index.php\\\/product\\\/krema-proti-gubam-z-dodatkom-polzje-sluzi-in-sipkom-100-ml\\\/#primaryimage\",\"url\":\"https:\\\/\\\/www.pinterra.si\\\/wp-content\\\/uploads\\\/2024\\\/09\\\/57-thickbox_default.jpg\",\"contentUrl\":\"https:\\\/\\\/www.pinterra.si\\\/wp-content\\\/uploads\\\/2024\\\/09\\\/57-thickbox_default.jpg\",\"width\":1100,\"height\":1422,\"caption\":\"krema proti gubam\"},{\"@type\":\"BreadcrumbList\",\"@id\":\"https:\\\/\\\/www.pinterra.si\\\/index.php\\\/product\\\/krema-proti-gubam-z-dodatkom-polzje-sluzi-in-sipkom-100-ml\\\/#breadcrumb\",\"itemListElement\":[{\"@type\":\"ListItem\",\"position\":1,\"name\":\"Domov\",\"item\":\"https:\\\/\\\/www.pinterra.si\\\/\"},{\"@type\":\"ListItem\",\"position\":2,\"name\":\"Trgovina\",\"item\":\"https:\\\/\\\/www.pinterra.si\\\/index.php\\\/trgovina\\\/\"},{\"@type\":\"ListItem\",\"position\":3,\"name\":\"Krema proti gubam z dodatkom pol\u017eje sluzi in \u0161ipkom 100 ml\"}]},{\"@type\":\"WebSite\",\"@id\":\"https:\\\/\\\/www.pinterra.si\\\/#website\",\"url\":\"https:\\\/\\\/www.pinterra.si\\\/\",\"name\":\"Pinterra\",\"description\":\"Spletna trgovina\",\"publisher\":{\"@id\":\"https:\\\/\\\/www.pinterra.si\\\/#organization\"},\"potentialAction\":[{\"@type\":\"SearchAction\",\"target\":{\"@type\":\"EntryPoint\",\"urlTemplate\":\"https:\\\/\\\/www.pinterra.si\\\/?s={search_term_string}\"},\"query-input\":{\"@type\":\"PropertyValueSpecification\",\"valueRequired\":true,\"valueName\":\"search_term_string\"}}],\"inLanguage\":\"sl-SI\"},{\"@type\":\"Organization\",\"@id\":\"https:\\\/\\\/www.pinterra.si\\\/#organization\",\"name\":\"Pinterra\",\"url\":\"https:\\\/\\\/www.pinterra.si\\\/\",\"logo\":{\"@type\":\"ImageObject\",\"inLanguage\":\"sl-SI\",\"@id\":\"https:\\\/\\\/www.pinterra.si\\\/#\\\/schema\\\/logo\\\/image\\\/\",\"url\":\"https:\\\/\\\/www.pinterra.si\\\/wp-content\\\/uploads\\\/2020\\\/12\\\/nega-telesa-logo_lezec4.png\",\"contentUrl\":\"https:\\\/\\\/www.pinterra.si\\\/wp-content\\\/uploads\\\/2020\\\/12\\\/nega-telesa-logo_lezec4.png\",\"width\":252,\"height\":87,\"caption\":\"Pinterra\"},\"image\":{\"@id\":\"https:\\\/\\\/www.pinterra.si\\\/#\\\/schema\\\/logo\\\/image\\\/\"},\"sameAs\":[\"https:\\\/\\\/www.facebook.com\\\/profile.php?id=61564860171743&locale=sl_SI\"]}]}<\/script>\n<!-- \/ Yoast SEO plugin. -->","yoast_head_json":{"title":"Krema proti gubam z dodatkom pol\u017eje sluzi in \u0161ipkom 100 ml - Pinterra","description":"Krema se uporablja proti gubam namenjena je za vse tipe ko\u017ee. Ko\u017eo ohranja gladko in sve\u017eo ter upo\u010dasnjuje njeno staranje.","robots":{"index":"index","follow":"follow","max-snippet":"max-snippet:-1","max-image-preview":"max-image-preview:large","max-video-preview":"max-video-preview:-1"},"canonical":"https:\/\/www.pinterra.si\/index.php\/product\/krema-proti-gubam-z-dodatkom-polzje-sluzi-in-sipkom-100-ml\/","og_locale":"sl_SI","og_type":"article","og_title":"Krema proti gubam z dodatkom pol\u017eje sluzi in \u0161ipkom 100 ml - Pinterra","og_description":"Krema se uporablja proti gubam namenjena je za vse tipe ko\u017ee. Ko\u017eo ohranja gladko in sve\u017eo ter upo\u010dasnjuje njeno staranje.","og_url":"https:\/\/www.pinterra.si\/index.php\/product\/krema-proti-gubam-z-dodatkom-polzje-sluzi-in-sipkom-100-ml\/","og_site_name":"Pinterra","article_publisher":"https:\/\/www.facebook.com\/profile.php?id=61564860171743&locale=sl_SI","article_modified_time":"2026-01-27T08:09:41+00:00","og_image":[{"width":1100,"height":1422,"url":"https:\/\/www.pinterra.si\/wp-content\/uploads\/2024\/09\/57-thickbox_default.jpg","type":"image\/jpeg"}],"twitter_card":"summary_large_image","twitter_misc":{"Est. reading time":"1 minuta"},"schema":{"@context":"https:\/\/schema.org","@graph":[{"@type":"WebPage","@id":"https:\/\/www.pinterra.si\/index.php\/product\/krema-proti-gubam-z-dodatkom-polzje-sluzi-in-sipkom-100-ml\/","url":"https:\/\/www.pinterra.si\/index.php\/product\/krema-proti-gubam-z-dodatkom-polzje-sluzi-in-sipkom-100-ml\/","name":"Krema proti gubam z dodatkom pol\u017eje sluzi in \u0161ipkom 100 ml - Pinterra","isPartOf":{"@id":"https:\/\/www.pinterra.si\/#website"},"primaryImageOfPage":{"@id":"https:\/\/www.pinterra.si\/index.php\/product\/krema-proti-gubam-z-dodatkom-polzje-sluzi-in-sipkom-100-ml\/#primaryimage"},"image":{"@id":"https:\/\/www.pinterra.si\/index.php\/product\/krema-proti-gubam-z-dodatkom-polzje-sluzi-in-sipkom-100-ml\/#primaryimage"},"thumbnailUrl":"https:\/\/www.pinterra.si\/wp-content\/uploads\/2024\/09\/57-thickbox_default.jpg","datePublished":"2024-09-09T12:21:59+00:00","dateModified":"2026-01-27T08:09:41+00:00","description":"Krema se uporablja proti gubam namenjena je za vse tipe ko\u017ee. Ko\u017eo ohranja gladko in sve\u017eo ter upo\u010dasnjuje njeno staranje.","breadcrumb":{"@id":"https:\/\/www.pinterra.si\/index.php\/product\/krema-proti-gubam-z-dodatkom-polzje-sluzi-in-sipkom-100-ml\/#breadcrumb"},"inLanguage":"sl-SI","potentialAction":[{"@type":"ReadAction","target":["https:\/\/www.pinterra.si\/index.php\/product\/krema-proti-gubam-z-dodatkom-polzje-sluzi-in-sipkom-100-ml\/"]}]},{"@type":"ImageObject","inLanguage":"sl-SI","@id":"https:\/\/www.pinterra.si\/index.php\/product\/krema-proti-gubam-z-dodatkom-polzje-sluzi-in-sipkom-100-ml\/#primaryimage","url":"https:\/\/www.pinterra.si\/wp-content\/uploads\/2024\/09\/57-thickbox_default.jpg","contentUrl":"https:\/\/www.pinterra.si\/wp-content\/uploads\/2024\/09\/57-thickbox_default.jpg","width":1100,"height":1422,"caption":"krema proti gubam"},{"@type":"BreadcrumbList","@id":"https:\/\/www.pinterra.si\/index.php\/product\/krema-proti-gubam-z-dodatkom-polzje-sluzi-in-sipkom-100-ml\/#breadcrumb","itemListElement":[{"@type":"ListItem","position":1,"name":"Domov","item":"https:\/\/www.pinterra.si\/"},{"@type":"ListItem","position":2,"name":"Trgovina","item":"https:\/\/www.pinterra.si\/index.php\/trgovina\/"},{"@type":"ListItem","position":3,"name":"Krema proti gubam z dodatkom pol\u017eje sluzi in \u0161ipkom 100 ml"}]},{"@type":"WebSite","@id":"https:\/\/www.pinterra.si\/#website","url":"https:\/\/www.pinterra.si\/","name":"Pinterra","description":"Spletna trgovina","publisher":{"@id":"https:\/\/www.pinterra.si\/#organization"},"potentialAction":[{"@type":"SearchAction","target":{"@type":"EntryPoint","urlTemplate":"https:\/\/www.pinterra.si\/?s={search_term_string}"},"query-input":{"@type":"PropertyValueSpecification","valueRequired":true,"valueName":"search_term_string"}}],"inLanguage":"sl-SI"},{"@type":"Organization","@id":"https:\/\/www.pinterra.si\/#organization","name":"Pinterra","url":"https:\/\/www.pinterra.si\/","logo":{"@type":"ImageObject","inLanguage":"sl-SI","@id":"https:\/\/www.pinterra.si\/#\/schema\/logo\/image\/","url":"https:\/\/www.pinterra.si\/wp-content\/uploads\/2020\/12\/nega-telesa-logo_lezec4.png","contentUrl":"https:\/\/www.pinterra.si\/wp-content\/uploads\/2020\/12\/nega-telesa-logo_lezec4.png","width":252,"height":87,"caption":"Pinterra"},"image":{"@id":"https:\/\/www.pinterra.si\/#\/schema\/logo\/image\/"},"sameAs":["https:\/\/www.facebook.com\/profile.php?id=61564860171743&locale=sl_SI"]}]}},"_links":{"self":[{"href":"https:\/\/www.pinterra.si\/index.php\/wp-json\/wp\/v2\/product\/17173","targetHints":{"allow":["GET"]}}],"collection":[{"href":"https:\/\/www.pinterra.si\/index.php\/wp-json\/wp\/v2\/product"}],"about":[{"href":"https:\/\/www.pinterra.si\/index.php\/wp-json\/wp\/v2\/types\/product"}],"wp:featuredmedia":[{"embeddable":true,"href":"https:\/\/www.pinterra.si\/index.php\/wp-json\/wp\/v2\/media\/17772"}],"wp:attachment":[{"href":"https:\/\/www.pinterra.si\/index.php\/wp-json\/wp\/v2\/media?parent=17173"}],"wp:term":[{"taxonomy":"product_cat","embeddable":true,"href":"https:\/\/www.pinterra.si\/index.php\/wp-json\/wp\/v2\/product_cat?post=17173"},{"taxonomy":"product_tag","embeddable":true,"href":"https:\/\/www.pinterra.si\/index.php\/wp-json\/wp\/v2\/product_tag?post=17173"}],"curies":[{"name":"wp","href":"https:\/\/api.w.org\/{rel}","templated":true}]}}