{"id":17170,"date":"2024-09-09T12:02:52","date_gmt":"2024-09-09T12:02:52","guid":{"rendered":"https:\/\/www.pinterra.si\/?post_type=product&#038;p=17170"},"modified":"2026-01-27T08:09:33","modified_gmt":"2026-01-27T08:09:33","slug":"ice-aloe-gel","status":"publish","type":"product","link":"https:\/\/www.pinterra.si\/index.php\/product\/ice-aloe-gel\/","title":{"rendered":"Ice Aloe Gel"},"content":{"rendered":"<p>Navodila za uporabo : Ice gel nanesite na bole\u010d predel ali utrujene noge in ga vmasirajte v ko\u017eo.Sestavine:Aqua, Alcohol Denat, Menthol, Aloe Barbadensis Leaf Juice, Phenoxyethanol, Carbomer, Triethanolamine, Glycerin, Butylene Glycol, Propylene Glycol, Aloe Barbadensis Leaf Juice Powder, Parfum, Imidazolidinyl Urea, Salicylic Acid, Camphor, Arnica Montana Flower Extract, Calendula Officinalis Flower Extract, Zingiber Officinalis Rhizome Extract, Sodium Benzoate, Potassium Sorbate, Sodium Hydroxide, CI 42090.<\/p>\n","protected":false},"excerpt":{"rendered":"<p>Ice aloe gel z dodatkom arnike in ognji\u010da je popoln za osebe z utrujenimi ali atletskimi nogami, saj ima dolgotrajen in po\u017eivljajo\u010d hladilni u\u010dinek.<\/p>\n","protected":false},"featured_media":17775,"template":"","meta":{"_eb_attr":""},"product_cat":[172],"product_tag":[183],"class_list":{"0":"post-17170","1":"product","2":"type-product","3":"status-publish","4":"has-post-thumbnail","6":"product_brand-tabaibaloe","7":"product_cat-izdelki-za-telo-in-obraz","8":"product_tag-sportne-aktivnosti","9":"product_shipping_class-lahki-paket","11":"first","12":"instock","13":"purchasable","14":"product-type-simple"},"yoast_head":"<!-- This site is optimized with the Yoast SEO plugin v27.6 - https:\/\/yoast.com\/product\/yoast-seo-wordpress\/ -->\n<title>Ice Aloe Gel - Pinterra<\/title>\n<meta name=\"description\" content=\"Ice aloe gel z dodatkom arnike in ognji\u010da je popoln za osebe z utrujenimi ali atletskimi nogami, saj ima dolgotrajen in po\u017eivljajo\u010d hladilni u\u010dinek.\" \/>\n<meta name=\"robots\" content=\"index, follow, max-snippet:-1, max-image-preview:large, max-video-preview:-1\" \/>\n<link rel=\"canonical\" href=\"https:\/\/www.pinterra.si\/index.php\/product\/ice-aloe-gel\/\" \/>\n<meta property=\"og:locale\" content=\"sl_SI\" \/>\n<meta property=\"og:type\" content=\"article\" \/>\n<meta property=\"og:title\" content=\"Ice Aloe Gel - Pinterra\" \/>\n<meta property=\"og:description\" content=\"Ice aloe gel z dodatkom arnike in ognji\u010da je popoln za osebe z utrujenimi ali atletskimi nogami, saj ima dolgotrajen in po\u017eivljajo\u010d hladilni u\u010dinek.\" \/>\n<meta property=\"og:url\" content=\"https:\/\/www.pinterra.si\/index.php\/product\/ice-aloe-gel\/\" \/>\n<meta property=\"og:site_name\" content=\"Pinterra\" \/>\n<meta property=\"article:publisher\" content=\"https:\/\/www.facebook.com\/profile.php?id=61564860171743&amp;locale=sl_SI\" \/>\n<meta property=\"article:modified_time\" content=\"2026-01-27T08:09:33+00:00\" \/>\n<meta property=\"og:image\" content=\"https:\/\/www.pinterra.si\/wp-content\/uploads\/2024\/09\/28-thickbox_default.png\" \/>\n\t<meta property=\"og:image:width\" content=\"1100\" \/>\n\t<meta property=\"og:image:height\" content=\"1422\" \/>\n\t<meta property=\"og:image:type\" content=\"image\/png\" \/>\n<meta name=\"twitter:card\" content=\"summary_large_image\" \/>\n<meta name=\"twitter:label1\" content=\"Est. reading time\" \/>\n\t<meta name=\"twitter:data1\" content=\"1 minuta\" \/>\n<script type=\"application\/ld+json\" class=\"yoast-schema-graph\">{\"@context\":\"https:\\\/\\\/schema.org\",\"@graph\":[{\"@type\":\"WebPage\",\"@id\":\"https:\\\/\\\/www.pinterra.si\\\/index.php\\\/product\\\/ice-aloe-gel\\\/\",\"url\":\"https:\\\/\\\/www.pinterra.si\\\/index.php\\\/product\\\/ice-aloe-gel\\\/\",\"name\":\"Ice Aloe Gel - Pinterra\",\"isPartOf\":{\"@id\":\"https:\\\/\\\/www.pinterra.si\\\/#website\"},\"primaryImageOfPage\":{\"@id\":\"https:\\\/\\\/www.pinterra.si\\\/index.php\\\/product\\\/ice-aloe-gel\\\/#primaryimage\"},\"image\":{\"@id\":\"https:\\\/\\\/www.pinterra.si\\\/index.php\\\/product\\\/ice-aloe-gel\\\/#primaryimage\"},\"thumbnailUrl\":\"https:\\\/\\\/www.pinterra.si\\\/wp-content\\\/uploads\\\/2024\\\/09\\\/28-thickbox_default.png\",\"datePublished\":\"2024-09-09T12:02:52+00:00\",\"dateModified\":\"2026-01-27T08:09:33+00:00\",\"description\":\"Ice aloe gel z dodatkom arnike in ognji\u010da je popoln za osebe z utrujenimi ali atletskimi nogami, saj ima dolgotrajen in po\u017eivljajo\u010d hladilni u\u010dinek.\",\"breadcrumb\":{\"@id\":\"https:\\\/\\\/www.pinterra.si\\\/index.php\\\/product\\\/ice-aloe-gel\\\/#breadcrumb\"},\"inLanguage\":\"sl-SI\",\"potentialAction\":[{\"@type\":\"ReadAction\",\"target\":[\"https:\\\/\\\/www.pinterra.si\\\/index.php\\\/product\\\/ice-aloe-gel\\\/\"]}]},{\"@type\":\"ImageObject\",\"inLanguage\":\"sl-SI\",\"@id\":\"https:\\\/\\\/www.pinterra.si\\\/index.php\\\/product\\\/ice-aloe-gel\\\/#primaryimage\",\"url\":\"https:\\\/\\\/www.pinterra.si\\\/wp-content\\\/uploads\\\/2024\\\/09\\\/28-thickbox_default.png\",\"contentUrl\":\"https:\\\/\\\/www.pinterra.si\\\/wp-content\\\/uploads\\\/2024\\\/09\\\/28-thickbox_default.png\",\"width\":1100,\"height\":1422,\"caption\":\"aloe ice gel\"},{\"@type\":\"BreadcrumbList\",\"@id\":\"https:\\\/\\\/www.pinterra.si\\\/index.php\\\/product\\\/ice-aloe-gel\\\/#breadcrumb\",\"itemListElement\":[{\"@type\":\"ListItem\",\"position\":1,\"name\":\"Domov\",\"item\":\"https:\\\/\\\/www.pinterra.si\\\/\"},{\"@type\":\"ListItem\",\"position\":2,\"name\":\"Trgovina\",\"item\":\"https:\\\/\\\/www.pinterra.si\\\/index.php\\\/trgovina\\\/\"},{\"@type\":\"ListItem\",\"position\":3,\"name\":\"Ice Aloe Gel\"}]},{\"@type\":\"WebSite\",\"@id\":\"https:\\\/\\\/www.pinterra.si\\\/#website\",\"url\":\"https:\\\/\\\/www.pinterra.si\\\/\",\"name\":\"Pinterra\",\"description\":\"Spletna trgovina\",\"publisher\":{\"@id\":\"https:\\\/\\\/www.pinterra.si\\\/#organization\"},\"potentialAction\":[{\"@type\":\"SearchAction\",\"target\":{\"@type\":\"EntryPoint\",\"urlTemplate\":\"https:\\\/\\\/www.pinterra.si\\\/?s={search_term_string}\"},\"query-input\":{\"@type\":\"PropertyValueSpecification\",\"valueRequired\":true,\"valueName\":\"search_term_string\"}}],\"inLanguage\":\"sl-SI\"},{\"@type\":\"Organization\",\"@id\":\"https:\\\/\\\/www.pinterra.si\\\/#organization\",\"name\":\"Pinterra\",\"url\":\"https:\\\/\\\/www.pinterra.si\\\/\",\"logo\":{\"@type\":\"ImageObject\",\"inLanguage\":\"sl-SI\",\"@id\":\"https:\\\/\\\/www.pinterra.si\\\/#\\\/schema\\\/logo\\\/image\\\/\",\"url\":\"https:\\\/\\\/www.pinterra.si\\\/wp-content\\\/uploads\\\/2020\\\/12\\\/nega-telesa-logo_lezec4.png\",\"contentUrl\":\"https:\\\/\\\/www.pinterra.si\\\/wp-content\\\/uploads\\\/2020\\\/12\\\/nega-telesa-logo_lezec4.png\",\"width\":252,\"height\":87,\"caption\":\"Pinterra\"},\"image\":{\"@id\":\"https:\\\/\\\/www.pinterra.si\\\/#\\\/schema\\\/logo\\\/image\\\/\"},\"sameAs\":[\"https:\\\/\\\/www.facebook.com\\\/profile.php?id=61564860171743&locale=sl_SI\"]}]}<\/script>\n<!-- \/ Yoast SEO plugin. -->","yoast_head_json":{"title":"Ice Aloe Gel - Pinterra","description":"Ice aloe gel z dodatkom arnike in ognji\u010da je popoln za osebe z utrujenimi ali atletskimi nogami, saj ima dolgotrajen in po\u017eivljajo\u010d hladilni u\u010dinek.","robots":{"index":"index","follow":"follow","max-snippet":"max-snippet:-1","max-image-preview":"max-image-preview:large","max-video-preview":"max-video-preview:-1"},"canonical":"https:\/\/www.pinterra.si\/index.php\/product\/ice-aloe-gel\/","og_locale":"sl_SI","og_type":"article","og_title":"Ice Aloe Gel - Pinterra","og_description":"Ice aloe gel z dodatkom arnike in ognji\u010da je popoln za osebe z utrujenimi ali atletskimi nogami, saj ima dolgotrajen in po\u017eivljajo\u010d hladilni u\u010dinek.","og_url":"https:\/\/www.pinterra.si\/index.php\/product\/ice-aloe-gel\/","og_site_name":"Pinterra","article_publisher":"https:\/\/www.facebook.com\/profile.php?id=61564860171743&locale=sl_SI","article_modified_time":"2026-01-27T08:09:33+00:00","og_image":[{"width":1100,"height":1422,"url":"https:\/\/www.pinterra.si\/wp-content\/uploads\/2024\/09\/28-thickbox_default.png","type":"image\/png"}],"twitter_card":"summary_large_image","twitter_misc":{"Est. reading time":"1 minuta"},"schema":{"@context":"https:\/\/schema.org","@graph":[{"@type":"WebPage","@id":"https:\/\/www.pinterra.si\/index.php\/product\/ice-aloe-gel\/","url":"https:\/\/www.pinterra.si\/index.php\/product\/ice-aloe-gel\/","name":"Ice Aloe Gel - Pinterra","isPartOf":{"@id":"https:\/\/www.pinterra.si\/#website"},"primaryImageOfPage":{"@id":"https:\/\/www.pinterra.si\/index.php\/product\/ice-aloe-gel\/#primaryimage"},"image":{"@id":"https:\/\/www.pinterra.si\/index.php\/product\/ice-aloe-gel\/#primaryimage"},"thumbnailUrl":"https:\/\/www.pinterra.si\/wp-content\/uploads\/2024\/09\/28-thickbox_default.png","datePublished":"2024-09-09T12:02:52+00:00","dateModified":"2026-01-27T08:09:33+00:00","description":"Ice aloe gel z dodatkom arnike in ognji\u010da je popoln za osebe z utrujenimi ali atletskimi nogami, saj ima dolgotrajen in po\u017eivljajo\u010d hladilni u\u010dinek.","breadcrumb":{"@id":"https:\/\/www.pinterra.si\/index.php\/product\/ice-aloe-gel\/#breadcrumb"},"inLanguage":"sl-SI","potentialAction":[{"@type":"ReadAction","target":["https:\/\/www.pinterra.si\/index.php\/product\/ice-aloe-gel\/"]}]},{"@type":"ImageObject","inLanguage":"sl-SI","@id":"https:\/\/www.pinterra.si\/index.php\/product\/ice-aloe-gel\/#primaryimage","url":"https:\/\/www.pinterra.si\/wp-content\/uploads\/2024\/09\/28-thickbox_default.png","contentUrl":"https:\/\/www.pinterra.si\/wp-content\/uploads\/2024\/09\/28-thickbox_default.png","width":1100,"height":1422,"caption":"aloe ice gel"},{"@type":"BreadcrumbList","@id":"https:\/\/www.pinterra.si\/index.php\/product\/ice-aloe-gel\/#breadcrumb","itemListElement":[{"@type":"ListItem","position":1,"name":"Domov","item":"https:\/\/www.pinterra.si\/"},{"@type":"ListItem","position":2,"name":"Trgovina","item":"https:\/\/www.pinterra.si\/index.php\/trgovina\/"},{"@type":"ListItem","position":3,"name":"Ice Aloe Gel"}]},{"@type":"WebSite","@id":"https:\/\/www.pinterra.si\/#website","url":"https:\/\/www.pinterra.si\/","name":"Pinterra","description":"Spletna trgovina","publisher":{"@id":"https:\/\/www.pinterra.si\/#organization"},"potentialAction":[{"@type":"SearchAction","target":{"@type":"EntryPoint","urlTemplate":"https:\/\/www.pinterra.si\/?s={search_term_string}"},"query-input":{"@type":"PropertyValueSpecification","valueRequired":true,"valueName":"search_term_string"}}],"inLanguage":"sl-SI"},{"@type":"Organization","@id":"https:\/\/www.pinterra.si\/#organization","name":"Pinterra","url":"https:\/\/www.pinterra.si\/","logo":{"@type":"ImageObject","inLanguage":"sl-SI","@id":"https:\/\/www.pinterra.si\/#\/schema\/logo\/image\/","url":"https:\/\/www.pinterra.si\/wp-content\/uploads\/2020\/12\/nega-telesa-logo_lezec4.png","contentUrl":"https:\/\/www.pinterra.si\/wp-content\/uploads\/2020\/12\/nega-telesa-logo_lezec4.png","width":252,"height":87,"caption":"Pinterra"},"image":{"@id":"https:\/\/www.pinterra.si\/#\/schema\/logo\/image\/"},"sameAs":["https:\/\/www.facebook.com\/profile.php?id=61564860171743&locale=sl_SI"]}]}},"_links":{"self":[{"href":"https:\/\/www.pinterra.si\/index.php\/wp-json\/wp\/v2\/product\/17170","targetHints":{"allow":["GET"]}}],"collection":[{"href":"https:\/\/www.pinterra.si\/index.php\/wp-json\/wp\/v2\/product"}],"about":[{"href":"https:\/\/www.pinterra.si\/index.php\/wp-json\/wp\/v2\/types\/product"}],"wp:featuredmedia":[{"embeddable":true,"href":"https:\/\/www.pinterra.si\/index.php\/wp-json\/wp\/v2\/media\/17775"}],"wp:attachment":[{"href":"https:\/\/www.pinterra.si\/index.php\/wp-json\/wp\/v2\/media?parent=17170"}],"wp:term":[{"taxonomy":"product_cat","embeddable":true,"href":"https:\/\/www.pinterra.si\/index.php\/wp-json\/wp\/v2\/product_cat?post=17170"},{"taxonomy":"product_tag","embeddable":true,"href":"https:\/\/www.pinterra.si\/index.php\/wp-json\/wp\/v2\/product_tag?post=17170"}],"curies":[{"name":"wp","href":"https:\/\/api.w.org\/{rel}","templated":true}]}}