{"id":17133,"date":"2024-09-06T11:46:26","date_gmt":"2024-09-06T11:46:26","guid":{"rendered":"https:\/\/www.pinterra.si\/?post_type=product&#038;p=17133"},"modified":"2025-12-04T12:21:23","modified_gmt":"2025-12-04T12:21:23","slug":"aloe-krema","status":"publish","type":"product","link":"https:\/\/www.pinterra.si\/index.php\/product\/aloe-krema\/","title":{"rendered":"Aloe krema 300ml"},"content":{"rendered":"<p>Kanarska aloe vera je mednarodno priznana zaradi visoke kakovosti, izjemne vla\u017eilne in zdravilne mo\u010di. Visoke temperature Kanarskih otokov, z ve\u010d kot 300 son\u010dnimi dnevi na leto, skupaj s hranilnimi snovmi vulkanskih tal, predstavljajo idealen kraj za gojenje te rastline.Sestavine:SesAqua, Glycerin, Cetearyl alcohol, Paraffinum liquidum, Butyrospermum parkii (Shea) butter, Prunus amygdalus dulcis (Sweet almond) oil, Aloe barbadensis leaf juice, Glyceryl stearate, Glyceryl stearate citrate, Dimethicone, Ceteareth-12, Phenoxyethanol, Parfum, Caprylyl glycol, Sodium polyacrylate, Ethylhexyl stearate, Trideceth-6, Potassium sorbate, Potassium metabisulfite, Citric acid, Ascorbic acid, Benzyl alcohol, Limonene, Linalool, FD&amp;C Yellow 5 (CI 19140), FD&amp;C Blue 1 (CI 42090).Navodila za uporabo:Enakomerno nanesite na ko\u017eo in vmasirajte, dokler se popolnoma ne vpije.Uporabite tolikokrat, kot ko\u017ea potrebuje.Nanesite na \u010disto ko\u017eo.Hranite izven dosega otrok.<\/p>\n","protected":false},"excerpt":{"rendered":"<p>Krema ALOE CREAM za obraz in telo v pakiranju 300 ml je popoln izdelek za hidracijo ter ohranjanje mehke in negovane ko\u017ee. Globoko navla\u017ei ko\u017eo ter jo ohranja gladko in sve\u017eo.<\/p>\n","protected":false},"featured_media":17779,"template":"","meta":{"_eb_attr":""},"product_cat":[172],"product_tag":[149,184],"class_list":{"0":"post-17133","1":"product","2":"type-product","3":"status-publish","4":"has-post-thumbnail","6":"product_brand-tabaibaloe","7":"product_cat-izdelki-za-telo-in-obraz","8":"product_tag-nega-koze","9":"product_tag-nega-telesa","10":"product_shipping_class-lahki-paket","12":"first","13":"outofstock","14":"purchasable","15":"product-type-simple"},"yoast_head":"<!-- This site is optimized with the Yoast SEO plugin v27.6 - https:\/\/yoast.com\/product\/yoast-seo-wordpress\/ -->\n<title>Aloe krema 300ml - Pinterra<\/title>\n<meta name=\"description\" content=\"Krema ALOE CREAM za obraz in telo v pakiranju 300 ml je popoln izdelek za hidracijo ter ohranjanje mehke in negovane ko\u017ee.\" \/>\n<meta name=\"robots\" content=\"index, follow, max-snippet:-1, max-image-preview:large, max-video-preview:-1\" \/>\n<link rel=\"canonical\" href=\"https:\/\/www.pinterra.si\/index.php\/product\/aloe-krema\/\" \/>\n<meta property=\"og:locale\" content=\"sl_SI\" \/>\n<meta property=\"og:type\" content=\"article\" \/>\n<meta property=\"og:title\" content=\"Aloe krema 300ml - Pinterra\" \/>\n<meta property=\"og:description\" content=\"Krema ALOE CREAM za obraz in telo v pakiranju 300 ml je popoln izdelek za hidracijo ter ohranjanje mehke in negovane ko\u017ee.\" \/>\n<meta property=\"og:url\" content=\"https:\/\/www.pinterra.si\/index.php\/product\/aloe-krema\/\" \/>\n<meta property=\"og:site_name\" content=\"Pinterra\" \/>\n<meta property=\"article:publisher\" content=\"https:\/\/www.facebook.com\/profile.php?id=61564860171743&amp;locale=sl_SI\" \/>\n<meta property=\"article:modified_time\" content=\"2025-12-04T12:21:23+00:00\" \/>\n<meta property=\"og:image\" content=\"https:\/\/www.pinterra.si\/wp-content\/uploads\/2024\/09\/50-thickbox_default.jpg\" \/>\n\t<meta property=\"og:image:width\" content=\"1100\" \/>\n\t<meta property=\"og:image:height\" content=\"1422\" \/>\n\t<meta property=\"og:image:type\" content=\"image\/jpeg\" \/>\n<meta name=\"twitter:card\" content=\"summary_large_image\" \/>\n<meta name=\"twitter:label1\" content=\"Est. reading time\" \/>\n\t<meta name=\"twitter:data1\" content=\"1 minuta\" \/>\n<script type=\"application\/ld+json\" class=\"yoast-schema-graph\">{\"@context\":\"https:\\\/\\\/schema.org\",\"@graph\":[{\"@type\":\"WebPage\",\"@id\":\"https:\\\/\\\/www.pinterra.si\\\/index.php\\\/product\\\/aloe-krema\\\/\",\"url\":\"https:\\\/\\\/www.pinterra.si\\\/index.php\\\/product\\\/aloe-krema\\\/\",\"name\":\"Aloe krema 300ml - Pinterra\",\"isPartOf\":{\"@id\":\"https:\\\/\\\/www.pinterra.si\\\/#website\"},\"primaryImageOfPage\":{\"@id\":\"https:\\\/\\\/www.pinterra.si\\\/index.php\\\/product\\\/aloe-krema\\\/#primaryimage\"},\"image\":{\"@id\":\"https:\\\/\\\/www.pinterra.si\\\/index.php\\\/product\\\/aloe-krema\\\/#primaryimage\"},\"thumbnailUrl\":\"https:\\\/\\\/www.pinterra.si\\\/wp-content\\\/uploads\\\/2024\\\/09\\\/50-thickbox_default.jpg\",\"datePublished\":\"2024-09-06T11:46:26+00:00\",\"dateModified\":\"2025-12-04T12:21:23+00:00\",\"description\":\"Krema ALOE CREAM za obraz in telo v pakiranju 300 ml je popoln izdelek za hidracijo ter ohranjanje mehke in negovane ko\u017ee.\",\"breadcrumb\":{\"@id\":\"https:\\\/\\\/www.pinterra.si\\\/index.php\\\/product\\\/aloe-krema\\\/#breadcrumb\"},\"inLanguage\":\"sl-SI\",\"potentialAction\":[{\"@type\":\"ReadAction\",\"target\":[\"https:\\\/\\\/www.pinterra.si\\\/index.php\\\/product\\\/aloe-krema\\\/\"]}]},{\"@type\":\"ImageObject\",\"inLanguage\":\"sl-SI\",\"@id\":\"https:\\\/\\\/www.pinterra.si\\\/index.php\\\/product\\\/aloe-krema\\\/#primaryimage\",\"url\":\"https:\\\/\\\/www.pinterra.si\\\/wp-content\\\/uploads\\\/2024\\\/09\\\/50-thickbox_default.jpg\",\"contentUrl\":\"https:\\\/\\\/www.pinterra.si\\\/wp-content\\\/uploads\\\/2024\\\/09\\\/50-thickbox_default.jpg\",\"width\":1100,\"height\":1422,\"caption\":\"aloe krema\"},{\"@type\":\"BreadcrumbList\",\"@id\":\"https:\\\/\\\/www.pinterra.si\\\/index.php\\\/product\\\/aloe-krema\\\/#breadcrumb\",\"itemListElement\":[{\"@type\":\"ListItem\",\"position\":1,\"name\":\"Domov\",\"item\":\"https:\\\/\\\/www.pinterra.si\\\/\"},{\"@type\":\"ListItem\",\"position\":2,\"name\":\"Trgovina\",\"item\":\"https:\\\/\\\/www.pinterra.si\\\/index.php\\\/trgovina\\\/\"},{\"@type\":\"ListItem\",\"position\":3,\"name\":\"Aloe krema 300ml\"}]},{\"@type\":\"WebSite\",\"@id\":\"https:\\\/\\\/www.pinterra.si\\\/#website\",\"url\":\"https:\\\/\\\/www.pinterra.si\\\/\",\"name\":\"Pinterra\",\"description\":\"Spletna trgovina\",\"publisher\":{\"@id\":\"https:\\\/\\\/www.pinterra.si\\\/#organization\"},\"potentialAction\":[{\"@type\":\"SearchAction\",\"target\":{\"@type\":\"EntryPoint\",\"urlTemplate\":\"https:\\\/\\\/www.pinterra.si\\\/?s={search_term_string}\"},\"query-input\":{\"@type\":\"PropertyValueSpecification\",\"valueRequired\":true,\"valueName\":\"search_term_string\"}}],\"inLanguage\":\"sl-SI\"},{\"@type\":\"Organization\",\"@id\":\"https:\\\/\\\/www.pinterra.si\\\/#organization\",\"name\":\"Pinterra\",\"url\":\"https:\\\/\\\/www.pinterra.si\\\/\",\"logo\":{\"@type\":\"ImageObject\",\"inLanguage\":\"sl-SI\",\"@id\":\"https:\\\/\\\/www.pinterra.si\\\/#\\\/schema\\\/logo\\\/image\\\/\",\"url\":\"https:\\\/\\\/www.pinterra.si\\\/wp-content\\\/uploads\\\/2020\\\/12\\\/nega-telesa-logo_lezec4.png\",\"contentUrl\":\"https:\\\/\\\/www.pinterra.si\\\/wp-content\\\/uploads\\\/2020\\\/12\\\/nega-telesa-logo_lezec4.png\",\"width\":252,\"height\":87,\"caption\":\"Pinterra\"},\"image\":{\"@id\":\"https:\\\/\\\/www.pinterra.si\\\/#\\\/schema\\\/logo\\\/image\\\/\"},\"sameAs\":[\"https:\\\/\\\/www.facebook.com\\\/profile.php?id=61564860171743&locale=sl_SI\"]}]}<\/script>\n<!-- \/ Yoast SEO plugin. -->","yoast_head_json":{"title":"Aloe krema 300ml - Pinterra","description":"Krema ALOE CREAM za obraz in telo v pakiranju 300 ml je popoln izdelek za hidracijo ter ohranjanje mehke in negovane ko\u017ee.","robots":{"index":"index","follow":"follow","max-snippet":"max-snippet:-1","max-image-preview":"max-image-preview:large","max-video-preview":"max-video-preview:-1"},"canonical":"https:\/\/www.pinterra.si\/index.php\/product\/aloe-krema\/","og_locale":"sl_SI","og_type":"article","og_title":"Aloe krema 300ml - Pinterra","og_description":"Krema ALOE CREAM za obraz in telo v pakiranju 300 ml je popoln izdelek za hidracijo ter ohranjanje mehke in negovane ko\u017ee.","og_url":"https:\/\/www.pinterra.si\/index.php\/product\/aloe-krema\/","og_site_name":"Pinterra","article_publisher":"https:\/\/www.facebook.com\/profile.php?id=61564860171743&locale=sl_SI","article_modified_time":"2025-12-04T12:21:23+00:00","og_image":[{"width":1100,"height":1422,"url":"https:\/\/www.pinterra.si\/wp-content\/uploads\/2024\/09\/50-thickbox_default.jpg","type":"image\/jpeg"}],"twitter_card":"summary_large_image","twitter_misc":{"Est. reading time":"1 minuta"},"schema":{"@context":"https:\/\/schema.org","@graph":[{"@type":"WebPage","@id":"https:\/\/www.pinterra.si\/index.php\/product\/aloe-krema\/","url":"https:\/\/www.pinterra.si\/index.php\/product\/aloe-krema\/","name":"Aloe krema 300ml - Pinterra","isPartOf":{"@id":"https:\/\/www.pinterra.si\/#website"},"primaryImageOfPage":{"@id":"https:\/\/www.pinterra.si\/index.php\/product\/aloe-krema\/#primaryimage"},"image":{"@id":"https:\/\/www.pinterra.si\/index.php\/product\/aloe-krema\/#primaryimage"},"thumbnailUrl":"https:\/\/www.pinterra.si\/wp-content\/uploads\/2024\/09\/50-thickbox_default.jpg","datePublished":"2024-09-06T11:46:26+00:00","dateModified":"2025-12-04T12:21:23+00:00","description":"Krema ALOE CREAM za obraz in telo v pakiranju 300 ml je popoln izdelek za hidracijo ter ohranjanje mehke in negovane ko\u017ee.","breadcrumb":{"@id":"https:\/\/www.pinterra.si\/index.php\/product\/aloe-krema\/#breadcrumb"},"inLanguage":"sl-SI","potentialAction":[{"@type":"ReadAction","target":["https:\/\/www.pinterra.si\/index.php\/product\/aloe-krema\/"]}]},{"@type":"ImageObject","inLanguage":"sl-SI","@id":"https:\/\/www.pinterra.si\/index.php\/product\/aloe-krema\/#primaryimage","url":"https:\/\/www.pinterra.si\/wp-content\/uploads\/2024\/09\/50-thickbox_default.jpg","contentUrl":"https:\/\/www.pinterra.si\/wp-content\/uploads\/2024\/09\/50-thickbox_default.jpg","width":1100,"height":1422,"caption":"aloe krema"},{"@type":"BreadcrumbList","@id":"https:\/\/www.pinterra.si\/index.php\/product\/aloe-krema\/#breadcrumb","itemListElement":[{"@type":"ListItem","position":1,"name":"Domov","item":"https:\/\/www.pinterra.si\/"},{"@type":"ListItem","position":2,"name":"Trgovina","item":"https:\/\/www.pinterra.si\/index.php\/trgovina\/"},{"@type":"ListItem","position":3,"name":"Aloe krema 300ml"}]},{"@type":"WebSite","@id":"https:\/\/www.pinterra.si\/#website","url":"https:\/\/www.pinterra.si\/","name":"Pinterra","description":"Spletna trgovina","publisher":{"@id":"https:\/\/www.pinterra.si\/#organization"},"potentialAction":[{"@type":"SearchAction","target":{"@type":"EntryPoint","urlTemplate":"https:\/\/www.pinterra.si\/?s={search_term_string}"},"query-input":{"@type":"PropertyValueSpecification","valueRequired":true,"valueName":"search_term_string"}}],"inLanguage":"sl-SI"},{"@type":"Organization","@id":"https:\/\/www.pinterra.si\/#organization","name":"Pinterra","url":"https:\/\/www.pinterra.si\/","logo":{"@type":"ImageObject","inLanguage":"sl-SI","@id":"https:\/\/www.pinterra.si\/#\/schema\/logo\/image\/","url":"https:\/\/www.pinterra.si\/wp-content\/uploads\/2020\/12\/nega-telesa-logo_lezec4.png","contentUrl":"https:\/\/www.pinterra.si\/wp-content\/uploads\/2020\/12\/nega-telesa-logo_lezec4.png","width":252,"height":87,"caption":"Pinterra"},"image":{"@id":"https:\/\/www.pinterra.si\/#\/schema\/logo\/image\/"},"sameAs":["https:\/\/www.facebook.com\/profile.php?id=61564860171743&locale=sl_SI"]}]}},"_links":{"self":[{"href":"https:\/\/www.pinterra.si\/index.php\/wp-json\/wp\/v2\/product\/17133","targetHints":{"allow":["GET"]}}],"collection":[{"href":"https:\/\/www.pinterra.si\/index.php\/wp-json\/wp\/v2\/product"}],"about":[{"href":"https:\/\/www.pinterra.si\/index.php\/wp-json\/wp\/v2\/types\/product"}],"wp:featuredmedia":[{"embeddable":true,"href":"https:\/\/www.pinterra.si\/index.php\/wp-json\/wp\/v2\/media\/17779"}],"wp:attachment":[{"href":"https:\/\/www.pinterra.si\/index.php\/wp-json\/wp\/v2\/media?parent=17133"}],"wp:term":[{"taxonomy":"product_cat","embeddable":true,"href":"https:\/\/www.pinterra.si\/index.php\/wp-json\/wp\/v2\/product_cat?post=17133"},{"taxonomy":"product_tag","embeddable":true,"href":"https:\/\/www.pinterra.si\/index.php\/wp-json\/wp\/v2\/product_tag?post=17133"}],"curies":[{"name":"wp","href":"https:\/\/api.w.org\/{rel}","templated":true}]}}