{"id":16932,"date":"2016-11-02T03:42:14","date_gmt":"2016-11-02T03:42:14","guid":{"rendered":"https:\/\/demo.wpthemego.com\/themes\/sw_beautyzone\/?page_id=1735"},"modified":"2016-11-02T03:42:14","modified_gmt":"2016-11-02T03:42:14","slug":"portfolio-2-columns","status":"publish","type":"page","link":"https:\/\/www.pinterra.si\/index.php\/portfolio-2-columns\/","title":{"rendered":"Portfolio 2 columns"},"content":{"rendered":"\t\t<div data-elementor-type=\"wp-page\" data-elementor-id=\"16932\" class=\"elementor elementor-16932\" data-elementor-post-type=\"page\">\n\t\t\t\t\t\t<section class=\"elementor-section elementor-top-section elementor-element elementor-element-53c08ad7 elementor-section-boxed elementor-section-height-default elementor-section-height-default\" data-id=\"53c08ad7\" data-element_type=\"section\" data-e-type=\"section\">\n\t\t\t\t\t\t<div class=\"elementor-container elementor-column-gap-extended\">\n\t\t\t\t\t<div class=\"elementor-column elementor-col-100 elementor-top-column elementor-element elementor-element-7397bf26\" data-id=\"7397bf26\" data-element_type=\"column\" data-e-type=\"column\">\n\t\t\t<div class=\"elementor-widget-wrap elementor-element-populated\">\n\t\t\t\t\t\t<div class=\"elementor-element elementor-element-447380a1 elementor-widget elementor-widget-text-editor\" data-id=\"447380a1\" data-element_type=\"widget\" data-e-type=\"widget\" data-widget_type=\"text-editor.default\">\n\t\t\t\t<div class=\"elementor-widget-container\">\n\t\t\t\t\t\t\t\t\t<p><div id=\"ya_portfolio_2\" class=\"beautyzone-portfolio fitRows\" data-categories=\"advertising,design,development\" data-max_page=\"2\" data-number=\"6\" data-orderby=\"\" data-order=\"\" data-style=\"fitRows\" data-attributes=\"grid-item p-lg-2 p-md-2 p-sm-2 p-xs-1\">\r\n\t<!-- Tab  -->\r\n\t\t<div class=\"portfolio-tab\">\r\n\t\t<ul id=\"tab_ya_portfolio_2\">\r\n\t\t\t<li class=\"selected\" data-portfolio-filter=\"*\">All<\/li>\r\n\t\t<li data-portfolio-filter=\".advertising\">Advertising<\/li><li data-portfolio-filter=\".design\">Design<\/li><li data-portfolio-filter=\".development\">Development<\/li>\t\t<\/ul>\r\n\t<\/div>\r\n\t\t<!-- Container -->\r\n\t<div class=\"portfolio-container row\" >\r\n\t\t<ul id=\"container_ya_portfolio_2\" class=\"portfolio-content clearfix row\" >\r\n\t\t\t\t\t\t\t\r\n\t\t\t\t<li class=\"grid-item grid-item p-lg-2 p-md-2 p-sm-2 p-xs-1 advertising \">\r\n\t\t\t\t\t<div class=\"portfolio-item-inner\">\r\n\t\t\t\t\t\t<div class=\"portfolio-in\">\r\n\t\t\t\t\t\t\t\t\t\t\t\t\t\t<a class=\"portfolio-img\" href=\"https:\/\/www.pinterra.si\/index.php\/portfolio\/hazen-mopan-kitem\/\" title=\"Hazen mopan kitem\">\r\n\t\t\t\t\t\t\t\t\t\t\t\t\t\t<\/a>\r\n\t\t\t\t\t\t\t<div class=\"p-item-content\">\r\n\t\t\t\t\t\t\t\t<a href=\"https:\/\/www.pinterra.si\/index.php\/portfolio\/hazen-mopan-kitem\/\" class=\"p-item item-more\" title=\"Hazen mopan kitem\"><i class=\"icon icon-link\"><\/i><\/a>\r\n\t\t\t\t\t\t\t\t<a href=\"\" class=\"p-item item-popup\" title=\"Hazen mopan kitem\"><i class=\"icon icon-search\"><\/i><\/a>\r\n\t\t\t\t\t\t\t<\/div>\r\n\t\t\t\t\t\t<\/div>\r\n\t\t\t\t\t<\/div>\r\n\t\t\t\t<\/li>\r\n\t\t\t\t\t\t\t\r\n\t\t\t\t<li class=\"grid-item grid-item p-lg-2 p-md-2 p-sm-2 p-xs-1 design development \">\r\n\t\t\t\t\t<div class=\"portfolio-item-inner\">\r\n\t\t\t\t\t\t<div class=\"portfolio-in\">\r\n\t\t\t\t\t\t\t\t\t\t\t\t\t\t<a class=\"portfolio-img\" href=\"https:\/\/www.pinterra.si\/index.php\/portfolio\/gazen-suma-poma-nua\/\" title=\"Gazen suma poma nua\">\r\n\t\t\t\t\t\t\t\t\t\t\t\t\t\t<\/a>\r\n\t\t\t\t\t\t\t<div class=\"p-item-content\">\r\n\t\t\t\t\t\t\t\t<a href=\"https:\/\/www.pinterra.si\/index.php\/portfolio\/gazen-suma-poma-nua\/\" class=\"p-item item-more\" title=\"Gazen suma poma nua\"><i class=\"icon icon-link\"><\/i><\/a>\r\n\t\t\t\t\t\t\t\t<a href=\"\" class=\"p-item item-popup\" title=\"Gazen suma poma nua\"><i class=\"icon icon-search\"><\/i><\/a>\r\n\t\t\t\t\t\t\t<\/div>\r\n\t\t\t\t\t\t<\/div>\r\n\t\t\t\t\t<\/div>\r\n\t\t\t\t<\/li>\r\n\t\t\t\t\t\t\t\r\n\t\t\t\t<li class=\"grid-item grid-item p-lg-2 p-md-2 p-sm-2 p-xs-1 advertising development \">\r\n\t\t\t\t\t<div class=\"portfolio-item-inner\">\r\n\t\t\t\t\t\t<div class=\"portfolio-in\">\r\n\t\t\t\t\t\t\t\t\t\t\t\t\t\t<a class=\"portfolio-img\" href=\"https:\/\/www.pinterra.si\/index.php\/portfolio\/fusce-ex-justo-sagittis\/\" title=\"Fusce ex justo, sagittis\">\r\n\t\t\t\t\t\t\t\t\t\t\t\t\t\t<\/a>\r\n\t\t\t\t\t\t\t<div class=\"p-item-content\">\r\n\t\t\t\t\t\t\t\t<a href=\"https:\/\/www.pinterra.si\/index.php\/portfolio\/fusce-ex-justo-sagittis\/\" class=\"p-item item-more\" title=\"Fusce ex justo, sagittis\"><i class=\"icon icon-link\"><\/i><\/a>\r\n\t\t\t\t\t\t\t\t<a href=\"\" class=\"p-item item-popup\" title=\"Fusce ex justo, sagittis\"><i class=\"icon icon-search\"><\/i><\/a>\r\n\t\t\t\t\t\t\t<\/div>\r\n\t\t\t\t\t\t<\/div>\r\n\t\t\t\t\t<\/div>\r\n\t\t\t\t<\/li>\r\n\t\t\t\t\t\t\t\r\n\t\t\t\t<li class=\"grid-item grid-item p-lg-2 p-md-2 p-sm-2 p-xs-1 advertising design \">\r\n\t\t\t\t\t<div class=\"portfolio-item-inner\">\r\n\t\t\t\t\t\t<div class=\"portfolio-in\">\r\n\t\t\t\t\t\t\t\t\t\t\t\t\t\t<a class=\"portfolio-img\" href=\"https:\/\/www.pinterra.si\/index.php\/portfolio\/fasen-mipame-hazen-pima\/\" title=\"Fasen mipame hazen pima\">\r\n\t\t\t\t\t\t\t\t\t\t\t\t\t\t<\/a>\r\n\t\t\t\t\t\t\t<div class=\"p-item-content\">\r\n\t\t\t\t\t\t\t\t<a href=\"https:\/\/www.pinterra.si\/index.php\/portfolio\/fasen-mipame-hazen-pima\/\" class=\"p-item item-more\" title=\"Fasen mipame hazen pima\"><i class=\"icon icon-link\"><\/i><\/a>\r\n\t\t\t\t\t\t\t\t<a href=\"\" class=\"p-item item-popup\" title=\"Fasen mipame hazen pima\"><i class=\"icon icon-search\"><\/i><\/a>\r\n\t\t\t\t\t\t\t<\/div>\r\n\t\t\t\t\t\t<\/div>\r\n\t\t\t\t\t<\/div>\r\n\t\t\t\t<\/li>\r\n\t\t\t\t\t\t\t\r\n\t\t\t\t<li class=\"grid-item grid-item p-lg-2 p-md-2 p-sm-2 p-xs-1 advertising development \">\r\n\t\t\t\t\t<div class=\"portfolio-item-inner\">\r\n\t\t\t\t\t\t<div class=\"portfolio-in\">\r\n\t\t\t\t\t\t\t\t\t\t\t\t\t\t<a class=\"portfolio-img\" href=\"https:\/\/www.pinterra.si\/index.php\/portfolio\/fasen-mipame-hazen\/\" title=\"Fasen mipame hazen\">\r\n\t\t\t\t\t\t\t\t\t\t\t\t\t\t<\/a>\r\n\t\t\t\t\t\t\t<div class=\"p-item-content\">\r\n\t\t\t\t\t\t\t\t<a href=\"https:\/\/www.pinterra.si\/index.php\/portfolio\/fasen-mipame-hazen\/\" class=\"p-item item-more\" title=\"Fasen mipame hazen\"><i class=\"icon icon-link\"><\/i><\/a>\r\n\t\t\t\t\t\t\t\t<a href=\"\" class=\"p-item item-popup\" title=\"Fasen mipame hazen\"><i class=\"icon icon-search\"><\/i><\/a>\r\n\t\t\t\t\t\t\t<\/div>\r\n\t\t\t\t\t\t<\/div>\r\n\t\t\t\t\t<\/div>\r\n\t\t\t\t<\/li>\r\n\t\t\t\t\t\t\t\r\n\t\t\t\t<li class=\"grid-item grid-item p-lg-2 p-md-2 p-sm-2 p-xs-1 advertising design development \">\r\n\t\t\t\t\t<div class=\"portfolio-item-inner\">\r\n\t\t\t\t\t\t<div class=\"portfolio-in\">\r\n\t\t\t\t\t\t\t\t\t\t\t\t\t\t<a class=\"portfolio-img\" href=\"https:\/\/www.pinterra.si\/index.php\/portfolio\/etiam-vulputate-convallis-2\/\" title=\"Etiam vulputate convallis\">\r\n\t\t\t\t\t\t\t\t\t\t\t\t\t\t<\/a>\r\n\t\t\t\t\t\t\t<div class=\"p-item-content\">\r\n\t\t\t\t\t\t\t\t<a href=\"https:\/\/www.pinterra.si\/index.php\/portfolio\/etiam-vulputate-convallis-2\/\" class=\"p-item item-more\" title=\"Etiam vulputate convallis\"><i class=\"icon icon-link\"><\/i><\/a>\r\n\t\t\t\t\t\t\t\t<a href=\"\" class=\"p-item item-popup\" title=\"Etiam vulputate convallis\"><i class=\"icon icon-search\"><\/i><\/a>\r\n\t\t\t\t\t\t\t<\/div>\r\n\t\t\t\t\t\t<\/div>\r\n\t\t\t\t\t<\/div>\r\n\t\t\t\t<\/li>\r\n\t\t\t\t<\/ul>\r\n\t<\/div>\r\n\t<!-- btn loadmore  -->\r\n\t\t<div class=\"btn-loadmore\">\r\n\t\t<span class=\"respl-image-loading\"><\/span>\r\n\t\t<span class=\"des-load\" data-label=\"Show More Portfolio\" data-label-loaded=\"All izdelkov Loaded\"><\/span>\r\n\t<\/div>\r\n\t<\/div>\r\n<\/p>\t\t\t\t\t\t\t\t<\/div>\n\t\t\t\t<\/div>\n\t\t\t\t\t<\/div>\n\t\t<\/div>\n\t\t\t\t\t<\/div>\n\t\t<\/section>\n\t\t\t\t<\/div>\n\t\t","protected":false},"excerpt":{"rendered":"","protected":false},"author":1,"featured_media":0,"parent":0,"menu_order":0,"comment_status":"closed","ping_status":"closed","template":"","meta":{"_eb_attr":"","footnotes":""},"class_list":["post-16932","page","type-page","status-publish","hentry"],"yoast_head":"<!-- This site is optimized with the Yoast SEO plugin v27.6 - https:\/\/yoast.com\/product\/yoast-seo-wordpress\/ -->\n<title>Portfolio 2 columns - Pinterra<\/title>\n<meta name=\"description\" content=\"Za\u010dnite svojo nakupovalno izku\u0161njo z na\u0161o spletno trgovino, kjer ponujamo vrhunske izdelke iz aloe vere. U\u017eivajte v preprostem in hitrem nakupovanju naravnih izdelkov za nego in zdravje. Odkrijte na\u0161o ponudbo zdaj.\" \/>\n<meta name=\"robots\" content=\"index, follow, max-snippet:-1, max-image-preview:large, max-video-preview:-1\" \/>\n<link rel=\"canonical\" href=\"https:\/\/www.pinterra.si\/index.php\/portfolio-2-columns\/\" \/>\n<meta property=\"og:locale\" content=\"sl_SI\" \/>\n<meta property=\"og:type\" content=\"article\" \/>\n<meta property=\"og:title\" content=\"Portfolio 2 columns - Pinterra\" \/>\n<meta property=\"og:description\" content=\"Za\u010dnite svojo nakupovalno izku\u0161njo z na\u0161o spletno trgovino, kjer ponujamo vrhunske izdelke iz aloe vere. U\u017eivajte v preprostem in hitrem nakupovanju naravnih izdelkov za nego in zdravje. Odkrijte na\u0161o ponudbo zdaj.\" \/>\n<meta property=\"og:url\" content=\"https:\/\/www.pinterra.si\/index.php\/portfolio-2-columns\/\" \/>\n<meta property=\"og:site_name\" content=\"Pinterra\" \/>\n<meta property=\"article:publisher\" content=\"https:\/\/www.facebook.com\/profile.php?id=61564860171743&amp;locale=sl_SI\" \/>\n<meta name=\"twitter:card\" content=\"summary_large_image\" \/>\n<script type=\"application\/ld+json\" class=\"yoast-schema-graph\">{\"@context\":\"https:\\\/\\\/schema.org\",\"@graph\":[{\"@type\":\"WebPage\",\"@id\":\"https:\\\/\\\/www.pinterra.si\\\/index.php\\\/portfolio-2-columns\\\/\",\"url\":\"https:\\\/\\\/www.pinterra.si\\\/index.php\\\/portfolio-2-columns\\\/\",\"name\":\"Portfolio 2 columns - Pinterra\",\"isPartOf\":{\"@id\":\"https:\\\/\\\/www.pinterra.si\\\/#website\"},\"datePublished\":\"2016-11-02T03:42:14+00:00\",\"description\":\"Za\u010dnite svojo nakupovalno izku\u0161njo z na\u0161o spletno trgovino, kjer ponujamo vrhunske izdelke iz aloe vere. U\u017eivajte v preprostem in hitrem nakupovanju naravnih izdelkov za nego in zdravje. Odkrijte na\u0161o ponudbo zdaj.\",\"breadcrumb\":{\"@id\":\"https:\\\/\\\/www.pinterra.si\\\/index.php\\\/portfolio-2-columns\\\/#breadcrumb\"},\"inLanguage\":\"sl-SI\",\"potentialAction\":[{\"@type\":\"ReadAction\",\"target\":[\"https:\\\/\\\/www.pinterra.si\\\/index.php\\\/portfolio-2-columns\\\/\"]}]},{\"@type\":\"BreadcrumbList\",\"@id\":\"https:\\\/\\\/www.pinterra.si\\\/index.php\\\/portfolio-2-columns\\\/#breadcrumb\",\"itemListElement\":[{\"@type\":\"ListItem\",\"position\":1,\"name\":\"Domov\",\"item\":\"https:\\\/\\\/www.pinterra.si\\\/\"},{\"@type\":\"ListItem\",\"position\":2,\"name\":\"Portfolio 2 columns\"}]},{\"@type\":\"WebSite\",\"@id\":\"https:\\\/\\\/www.pinterra.si\\\/#website\",\"url\":\"https:\\\/\\\/www.pinterra.si\\\/\",\"name\":\"Pinterra\",\"description\":\"Spletna trgovina\",\"publisher\":{\"@id\":\"https:\\\/\\\/www.pinterra.si\\\/#organization\"},\"potentialAction\":[{\"@type\":\"SearchAction\",\"target\":{\"@type\":\"EntryPoint\",\"urlTemplate\":\"https:\\\/\\\/www.pinterra.si\\\/?s={search_term_string}\"},\"query-input\":{\"@type\":\"PropertyValueSpecification\",\"valueRequired\":true,\"valueName\":\"search_term_string\"}}],\"inLanguage\":\"sl-SI\"},{\"@type\":\"Organization\",\"@id\":\"https:\\\/\\\/www.pinterra.si\\\/#organization\",\"name\":\"Pinterra\",\"url\":\"https:\\\/\\\/www.pinterra.si\\\/\",\"logo\":{\"@type\":\"ImageObject\",\"inLanguage\":\"sl-SI\",\"@id\":\"https:\\\/\\\/www.pinterra.si\\\/#\\\/schema\\\/logo\\\/image\\\/\",\"url\":\"https:\\\/\\\/www.pinterra.si\\\/wp-content\\\/uploads\\\/2020\\\/12\\\/nega-telesa-logo_lezec4.png\",\"contentUrl\":\"https:\\\/\\\/www.pinterra.si\\\/wp-content\\\/uploads\\\/2020\\\/12\\\/nega-telesa-logo_lezec4.png\",\"width\":252,\"height\":87,\"caption\":\"Pinterra\"},\"image\":{\"@id\":\"https:\\\/\\\/www.pinterra.si\\\/#\\\/schema\\\/logo\\\/image\\\/\"},\"sameAs\":[\"https:\\\/\\\/www.facebook.com\\\/profile.php?id=61564860171743&locale=sl_SI\"]}]}<\/script>\n<!-- \/ Yoast SEO plugin. -->","yoast_head_json":{"title":"Portfolio 2 columns - Pinterra","description":"Za\u010dnite svojo nakupovalno izku\u0161njo z na\u0161o spletno trgovino, kjer ponujamo vrhunske izdelke iz aloe vere. U\u017eivajte v preprostem in hitrem nakupovanju naravnih izdelkov za nego in zdravje. Odkrijte na\u0161o ponudbo zdaj.","robots":{"index":"index","follow":"follow","max-snippet":"max-snippet:-1","max-image-preview":"max-image-preview:large","max-video-preview":"max-video-preview:-1"},"canonical":"https:\/\/www.pinterra.si\/index.php\/portfolio-2-columns\/","og_locale":"sl_SI","og_type":"article","og_title":"Portfolio 2 columns - Pinterra","og_description":"Za\u010dnite svojo nakupovalno izku\u0161njo z na\u0161o spletno trgovino, kjer ponujamo vrhunske izdelke iz aloe vere. U\u017eivajte v preprostem in hitrem nakupovanju naravnih izdelkov za nego in zdravje. Odkrijte na\u0161o ponudbo zdaj.","og_url":"https:\/\/www.pinterra.si\/index.php\/portfolio-2-columns\/","og_site_name":"Pinterra","article_publisher":"https:\/\/www.facebook.com\/profile.php?id=61564860171743&locale=sl_SI","twitter_card":"summary_large_image","schema":{"@context":"https:\/\/schema.org","@graph":[{"@type":"WebPage","@id":"https:\/\/www.pinterra.si\/index.php\/portfolio-2-columns\/","url":"https:\/\/www.pinterra.si\/index.php\/portfolio-2-columns\/","name":"Portfolio 2 columns - Pinterra","isPartOf":{"@id":"https:\/\/www.pinterra.si\/#website"},"datePublished":"2016-11-02T03:42:14+00:00","description":"Za\u010dnite svojo nakupovalno izku\u0161njo z na\u0161o spletno trgovino, kjer ponujamo vrhunske izdelke iz aloe vere. U\u017eivajte v preprostem in hitrem nakupovanju naravnih izdelkov za nego in zdravje. Odkrijte na\u0161o ponudbo zdaj.","breadcrumb":{"@id":"https:\/\/www.pinterra.si\/index.php\/portfolio-2-columns\/#breadcrumb"},"inLanguage":"sl-SI","potentialAction":[{"@type":"ReadAction","target":["https:\/\/www.pinterra.si\/index.php\/portfolio-2-columns\/"]}]},{"@type":"BreadcrumbList","@id":"https:\/\/www.pinterra.si\/index.php\/portfolio-2-columns\/#breadcrumb","itemListElement":[{"@type":"ListItem","position":1,"name":"Domov","item":"https:\/\/www.pinterra.si\/"},{"@type":"ListItem","position":2,"name":"Portfolio 2 columns"}]},{"@type":"WebSite","@id":"https:\/\/www.pinterra.si\/#website","url":"https:\/\/www.pinterra.si\/","name":"Pinterra","description":"Spletna trgovina","publisher":{"@id":"https:\/\/www.pinterra.si\/#organization"},"potentialAction":[{"@type":"SearchAction","target":{"@type":"EntryPoint","urlTemplate":"https:\/\/www.pinterra.si\/?s={search_term_string}"},"query-input":{"@type":"PropertyValueSpecification","valueRequired":true,"valueName":"search_term_string"}}],"inLanguage":"sl-SI"},{"@type":"Organization","@id":"https:\/\/www.pinterra.si\/#organization","name":"Pinterra","url":"https:\/\/www.pinterra.si\/","logo":{"@type":"ImageObject","inLanguage":"sl-SI","@id":"https:\/\/www.pinterra.si\/#\/schema\/logo\/image\/","url":"https:\/\/www.pinterra.si\/wp-content\/uploads\/2020\/12\/nega-telesa-logo_lezec4.png","contentUrl":"https:\/\/www.pinterra.si\/wp-content\/uploads\/2020\/12\/nega-telesa-logo_lezec4.png","width":252,"height":87,"caption":"Pinterra"},"image":{"@id":"https:\/\/www.pinterra.si\/#\/schema\/logo\/image\/"},"sameAs":["https:\/\/www.facebook.com\/profile.php?id=61564860171743&locale=sl_SI"]}]}},"_links":{"self":[{"href":"https:\/\/www.pinterra.si\/index.php\/wp-json\/wp\/v2\/pages\/16932","targetHints":{"allow":["GET"]}}],"collection":[{"href":"https:\/\/www.pinterra.si\/index.php\/wp-json\/wp\/v2\/pages"}],"about":[{"href":"https:\/\/www.pinterra.si\/index.php\/wp-json\/wp\/v2\/types\/page"}],"author":[{"embeddable":true,"href":"https:\/\/www.pinterra.si\/index.php\/wp-json\/wp\/v2\/users\/1"}],"replies":[{"embeddable":true,"href":"https:\/\/www.pinterra.si\/index.php\/wp-json\/wp\/v2\/comments?post=16932"}],"version-history":[{"count":0,"href":"https:\/\/www.pinterra.si\/index.php\/wp-json\/wp\/v2\/pages\/16932\/revisions"}],"wp:attachment":[{"href":"https:\/\/www.pinterra.si\/index.php\/wp-json\/wp\/v2\/media?parent=16932"}],"curies":[{"name":"wp","href":"https:\/\/api.w.org\/{rel}","templated":true}]}}