{"id":16246,"date":"2024-03-15T08:20:48","date_gmt":"2024-03-15T08:20:48","guid":{"rendered":"https:\/\/demo.wpthemego.com\/themes\/sw_beautyzone\/?page_id=16246"},"modified":"2024-03-15T08:20:48","modified_gmt":"2024-03-15T08:20:48","slug":"featured-brands","status":"publish","type":"page","link":"https:\/\/www.pinterra.si\/index.php\/featured-brands\/","title":{"rendered":"Featured Brands"},"content":{"rendered":"\t\t<div data-elementor-type=\"wp-page\" data-elementor-id=\"16246\" class=\"elementor elementor-16246\" data-elementor-post-type=\"page\">\n\t\t\t\t\t\t<section class=\"elementor-section elementor-top-section elementor-element elementor-element-7feed7e elementor-section-boxed elementor-section-height-default elementor-section-height-default\" data-id=\"7feed7e\" data-element_type=\"section\" data-e-type=\"section\">\n\t\t\t\t\t\t<div class=\"elementor-container elementor-column-gap-default\">\n\t\t\t\t\t<div class=\"elementor-column elementor-col-100 elementor-top-column elementor-element elementor-element-86ab9e6\" data-id=\"86ab9e6\" data-element_type=\"column\" data-e-type=\"column\">\n\t\t\t<div class=\"elementor-widget-wrap elementor-element-populated\">\n\t\t\t\t\t\t<div class=\"elementor-element elementor-element-565655f elementor-widget elementor-widget-wp-widget-sw_brand\" data-id=\"565655f\" data-element_type=\"widget\" data-e-type=\"widget\" data-widget_type=\"wp-widget-sw_brand.default\">\n\t\t\t\t<div class=\"elementor-widget-container\">\n\t\t\t\t\t<div id=\"sw_brand_sw_brand_1\" class=\"responsive-slider sw-brand-container-slider3  clearfix\" data-lg=\"4\" data-md=\"4\" data-sm=\"3\" data-xs=\"2\" data-mobile=\"2\" data-speed=\"1000\" data-scroll=\"1\" data-interval=\"5000\" data-autoplay=\"false\">\r\n\t\t<div class=\"resp-slider-container\">\r\n\t\t<div class=\"slider responsive\">\r\n\t\t\t\t\t\t\t\t\t\t\t\t\t\t\t\t\t\t\t\t\t\t\t\t\t\t\t\t\t<\/div>\r\n\t<\/div>\r\n<\/div>\t\t\t\t<\/div>\n\t\t\t\t<\/div>\n\t\t\t\t\t<\/div>\n\t\t<\/div>\n\t\t\t\t\t<\/div>\n\t\t<\/section>\n\t\t\t\t<\/div>\n\t\t","protected":false},"excerpt":{"rendered":"","protected":false},"author":1,"featured_media":0,"parent":0,"menu_order":0,"comment_status":"closed","ping_status":"closed","template":"","meta":{"_eb_attr":"","footnotes":""},"class_list":["post-16246","page","type-page","status-publish","hentry"],"yoast_head":"<!-- This site is optimized with the Yoast SEO plugin v27.6 - https:\/\/yoast.com\/product\/yoast-seo-wordpress\/ -->\n<title>Featured Brands - Pinterra<\/title>\n<meta name=\"description\" content=\"Za\u010dnite svojo nakupovalno izku\u0161njo z na\u0161o spletno trgovino, kjer ponujamo vrhunske izdelke iz aloe vere. U\u017eivajte v preprostem in hitrem nakupovanju naravnih izdelkov za nego in zdravje. Odkrijte na\u0161o ponudbo zdaj.\" \/>\n<meta name=\"robots\" content=\"index, follow, max-snippet:-1, max-image-preview:large, max-video-preview:-1\" \/>\n<link rel=\"canonical\" href=\"https:\/\/www.pinterra.si\/index.php\/featured-brands\/\" \/>\n<meta property=\"og:locale\" content=\"sl_SI\" \/>\n<meta property=\"og:type\" content=\"article\" \/>\n<meta property=\"og:title\" content=\"Featured Brands - Pinterra\" \/>\n<meta property=\"og:description\" content=\"Za\u010dnite svojo nakupovalno izku\u0161njo z na\u0161o spletno trgovino, kjer ponujamo vrhunske izdelke iz aloe vere. U\u017eivajte v preprostem in hitrem nakupovanju naravnih izdelkov za nego in zdravje. Odkrijte na\u0161o ponudbo zdaj.\" \/>\n<meta property=\"og:url\" content=\"https:\/\/www.pinterra.si\/index.php\/featured-brands\/\" \/>\n<meta property=\"og:site_name\" content=\"Pinterra\" \/>\n<meta property=\"article:publisher\" content=\"https:\/\/www.facebook.com\/profile.php?id=61564860171743&amp;locale=sl_SI\" \/>\n<meta name=\"twitter:card\" content=\"summary_large_image\" \/>\n<script type=\"application\/ld+json\" class=\"yoast-schema-graph\">{\"@context\":\"https:\\\/\\\/schema.org\",\"@graph\":[{\"@type\":\"WebPage\",\"@id\":\"https:\\\/\\\/www.pinterra.si\\\/index.php\\\/featured-brands\\\/\",\"url\":\"https:\\\/\\\/www.pinterra.si\\\/index.php\\\/featured-brands\\\/\",\"name\":\"Featured Brands - Pinterra\",\"isPartOf\":{\"@id\":\"https:\\\/\\\/www.pinterra.si\\\/#website\"},\"datePublished\":\"2024-03-15T08:20:48+00:00\",\"description\":\"Za\u010dnite svojo nakupovalno izku\u0161njo z na\u0161o spletno trgovino, kjer ponujamo vrhunske izdelke iz aloe vere. U\u017eivajte v preprostem in hitrem nakupovanju naravnih izdelkov za nego in zdravje. Odkrijte na\u0161o ponudbo zdaj.\",\"breadcrumb\":{\"@id\":\"https:\\\/\\\/www.pinterra.si\\\/index.php\\\/featured-brands\\\/#breadcrumb\"},\"inLanguage\":\"sl-SI\",\"potentialAction\":[{\"@type\":\"ReadAction\",\"target\":[\"https:\\\/\\\/www.pinterra.si\\\/index.php\\\/featured-brands\\\/\"]}]},{\"@type\":\"BreadcrumbList\",\"@id\":\"https:\\\/\\\/www.pinterra.si\\\/index.php\\\/featured-brands\\\/#breadcrumb\",\"itemListElement\":[{\"@type\":\"ListItem\",\"position\":1,\"name\":\"Domov\",\"item\":\"https:\\\/\\\/www.pinterra.si\\\/\"},{\"@type\":\"ListItem\",\"position\":2,\"name\":\"Featured Brands\"}]},{\"@type\":\"WebSite\",\"@id\":\"https:\\\/\\\/www.pinterra.si\\\/#website\",\"url\":\"https:\\\/\\\/www.pinterra.si\\\/\",\"name\":\"Pinterra\",\"description\":\"Spletna trgovina\",\"publisher\":{\"@id\":\"https:\\\/\\\/www.pinterra.si\\\/#organization\"},\"potentialAction\":[{\"@type\":\"SearchAction\",\"target\":{\"@type\":\"EntryPoint\",\"urlTemplate\":\"https:\\\/\\\/www.pinterra.si\\\/?s={search_term_string}\"},\"query-input\":{\"@type\":\"PropertyValueSpecification\",\"valueRequired\":true,\"valueName\":\"search_term_string\"}}],\"inLanguage\":\"sl-SI\"},{\"@type\":\"Organization\",\"@id\":\"https:\\\/\\\/www.pinterra.si\\\/#organization\",\"name\":\"Pinterra\",\"url\":\"https:\\\/\\\/www.pinterra.si\\\/\",\"logo\":{\"@type\":\"ImageObject\",\"inLanguage\":\"sl-SI\",\"@id\":\"https:\\\/\\\/www.pinterra.si\\\/#\\\/schema\\\/logo\\\/image\\\/\",\"url\":\"https:\\\/\\\/www.pinterra.si\\\/wp-content\\\/uploads\\\/2020\\\/12\\\/nega-telesa-logo_lezec4.png\",\"contentUrl\":\"https:\\\/\\\/www.pinterra.si\\\/wp-content\\\/uploads\\\/2020\\\/12\\\/nega-telesa-logo_lezec4.png\",\"width\":252,\"height\":87,\"caption\":\"Pinterra\"},\"image\":{\"@id\":\"https:\\\/\\\/www.pinterra.si\\\/#\\\/schema\\\/logo\\\/image\\\/\"},\"sameAs\":[\"https:\\\/\\\/www.facebook.com\\\/profile.php?id=61564860171743&locale=sl_SI\"]}]}<\/script>\n<!-- \/ Yoast SEO plugin. -->","yoast_head_json":{"title":"Featured Brands - Pinterra","description":"Za\u010dnite svojo nakupovalno izku\u0161njo z na\u0161o spletno trgovino, kjer ponujamo vrhunske izdelke iz aloe vere. U\u017eivajte v preprostem in hitrem nakupovanju naravnih izdelkov za nego in zdravje. Odkrijte na\u0161o ponudbo zdaj.","robots":{"index":"index","follow":"follow","max-snippet":"max-snippet:-1","max-image-preview":"max-image-preview:large","max-video-preview":"max-video-preview:-1"},"canonical":"https:\/\/www.pinterra.si\/index.php\/featured-brands\/","og_locale":"sl_SI","og_type":"article","og_title":"Featured Brands - Pinterra","og_description":"Za\u010dnite svojo nakupovalno izku\u0161njo z na\u0161o spletno trgovino, kjer ponujamo vrhunske izdelke iz aloe vere. U\u017eivajte v preprostem in hitrem nakupovanju naravnih izdelkov za nego in zdravje. Odkrijte na\u0161o ponudbo zdaj.","og_url":"https:\/\/www.pinterra.si\/index.php\/featured-brands\/","og_site_name":"Pinterra","article_publisher":"https:\/\/www.facebook.com\/profile.php?id=61564860171743&locale=sl_SI","twitter_card":"summary_large_image","schema":{"@context":"https:\/\/schema.org","@graph":[{"@type":"WebPage","@id":"https:\/\/www.pinterra.si\/index.php\/featured-brands\/","url":"https:\/\/www.pinterra.si\/index.php\/featured-brands\/","name":"Featured Brands - Pinterra","isPartOf":{"@id":"https:\/\/www.pinterra.si\/#website"},"datePublished":"2024-03-15T08:20:48+00:00","description":"Za\u010dnite svojo nakupovalno izku\u0161njo z na\u0161o spletno trgovino, kjer ponujamo vrhunske izdelke iz aloe vere. U\u017eivajte v preprostem in hitrem nakupovanju naravnih izdelkov za nego in zdravje. Odkrijte na\u0161o ponudbo zdaj.","breadcrumb":{"@id":"https:\/\/www.pinterra.si\/index.php\/featured-brands\/#breadcrumb"},"inLanguage":"sl-SI","potentialAction":[{"@type":"ReadAction","target":["https:\/\/www.pinterra.si\/index.php\/featured-brands\/"]}]},{"@type":"BreadcrumbList","@id":"https:\/\/www.pinterra.si\/index.php\/featured-brands\/#breadcrumb","itemListElement":[{"@type":"ListItem","position":1,"name":"Domov","item":"https:\/\/www.pinterra.si\/"},{"@type":"ListItem","position":2,"name":"Featured Brands"}]},{"@type":"WebSite","@id":"https:\/\/www.pinterra.si\/#website","url":"https:\/\/www.pinterra.si\/","name":"Pinterra","description":"Spletna trgovina","publisher":{"@id":"https:\/\/www.pinterra.si\/#organization"},"potentialAction":[{"@type":"SearchAction","target":{"@type":"EntryPoint","urlTemplate":"https:\/\/www.pinterra.si\/?s={search_term_string}"},"query-input":{"@type":"PropertyValueSpecification","valueRequired":true,"valueName":"search_term_string"}}],"inLanguage":"sl-SI"},{"@type":"Organization","@id":"https:\/\/www.pinterra.si\/#organization","name":"Pinterra","url":"https:\/\/www.pinterra.si\/","logo":{"@type":"ImageObject","inLanguage":"sl-SI","@id":"https:\/\/www.pinterra.si\/#\/schema\/logo\/image\/","url":"https:\/\/www.pinterra.si\/wp-content\/uploads\/2020\/12\/nega-telesa-logo_lezec4.png","contentUrl":"https:\/\/www.pinterra.si\/wp-content\/uploads\/2020\/12\/nega-telesa-logo_lezec4.png","width":252,"height":87,"caption":"Pinterra"},"image":{"@id":"https:\/\/www.pinterra.si\/#\/schema\/logo\/image\/"},"sameAs":["https:\/\/www.facebook.com\/profile.php?id=61564860171743&locale=sl_SI"]}]}},"_links":{"self":[{"href":"https:\/\/www.pinterra.si\/index.php\/wp-json\/wp\/v2\/pages\/16246","targetHints":{"allow":["GET"]}}],"collection":[{"href":"https:\/\/www.pinterra.si\/index.php\/wp-json\/wp\/v2\/pages"}],"about":[{"href":"https:\/\/www.pinterra.si\/index.php\/wp-json\/wp\/v2\/types\/page"}],"author":[{"embeddable":true,"href":"https:\/\/www.pinterra.si\/index.php\/wp-json\/wp\/v2\/users\/1"}],"replies":[{"embeddable":true,"href":"https:\/\/www.pinterra.si\/index.php\/wp-json\/wp\/v2\/comments?post=16246"}],"version-history":[{"count":0,"href":"https:\/\/www.pinterra.si\/index.php\/wp-json\/wp\/v2\/pages\/16246\/revisions"}],"wp:attachment":[{"href":"https:\/\/www.pinterra.si\/index.php\/wp-json\/wp\/v2\/media?parent=16246"}],"curies":[{"name":"wp","href":"https:\/\/api.w.org\/{rel}","templated":true}]}}